{"id":90,"date":"2023-12-02T23:31:53","date_gmt":"2023-12-02T21:31:53","guid":{"rendered":"https:\/\/manon-mulliez.fr\/?page_id=90"},"modified":"2025-03-11T10:11:57","modified_gmt":"2025-03-11T08:11:57","slug":"la-symptothermie-moderne","status":"publish","type":"page","link":"https:\/\/manon-mulliez.fr\/index.php\/la-symptothermie-moderne\/","title":{"rendered":"La symptothermie moderne"},"content":{"rendered":"\n<p class=\"has-text-align-center has-medium-font-size\">Le syst\u00e8me patriarcal dans lequel une grande partie de l&rsquo;humanit\u00e9 \u00e9volue s&rsquo;incarne dans nos chairs et nos m\u00e9moires inconscientes et continue de fa\u00e7onner la pens\u00e9e dominante, les formations m\u00e9dicales, les id\u00e9es re\u00e7ues populaires sur la sant\u00e9 f\u00e9minine \u2026  Aujourd\u2019hui, \u00e0 l\u2019heure o\u00f9 en France et ailleurs les langues se d\u00e9lient, o\u00f9 les femmes peuvent commencer \u00e0 poser des mots sur leurs v\u00e9cus, les moyens de contraceptions restent pourtant fig\u00e9s et les m\u00e9thodes peu satisfaisantes pour beaucoup d\u2019entre nous.<\/p>\n\n\n\n<h2 class=\"wp-block-heading has-text-align-center has-luminous-vivid-orange-color has-text-color has-link-color has-large-font-size wp-elements-2a5546a1e7c8588e306b841a13fb445a\"><br>Qu&rsquo;est ce que la symptothermie ?<\/h2>\n\n\n\n<p class=\"has-text-align-center has-medium-font-size\">La symptothermie moderne est une m\u00e9thode naturelle, non chimique, ni invasive, d&rsquo;observation de l&rsquo;activit\u00e9 hormonale et ovulatoire, qui s&rsquo;appuie sur les signes de fertilit\u00e9 du corps. <br><br>C&rsquo;est une m\u00e9thode qui permet la compr\u00e9hension du fonctionnement du corps, par le prisme du cycle menstruel. C&rsquo;est aussi un pr\u00e9cieux moyen de contraception et d&rsquo;optimisation de la fertilit\u00e9. Connaitre avec exactitude son cycle permet de savoir lorsqu&rsquo;on est fertile ou non ! <\/p>\n\n\n\n<p class=\"has-text-align-center has-medium-font-size\"><br>Dit comme \u00e7a, c&rsquo;est simple &#8230; mais connaitre et observer son cycle avec fluidit\u00e9 c&rsquo;est un r\u00e9apprentissage voir un apprentissage. Il faut re-d\u00e9couvrir son corps sous cet angle, apprivoiser ses peurs, apprivoiser nos signes de fertilit\u00e9 que l&rsquo;\u00e9ducation nous a souvent pr\u00e9sent\u00e9 comme \u00ab\u00a0\u00e0 cacher\u00a0\u00bb. <\/p>\n\n\n\n<p class=\"has-text-align-center has-medium-font-size\">L&rsquo;indice de Pearl est un outil statistique qui permet de mesurer l&rsquo;efficacit\u00e9 d&rsquo;un moyen de contraception. Il s&rsquo;agit de compter le nombre de grossesses non d\u00e9sir\u00e9es par femmes qui utilisent un moyen de contraception. La symptothermie est fiable et son indice de Pearl avoisine celui de la pilule, voir m\u00eame le d\u00e9passe : <a href=\"https:\/\/sympto.org\/3\/fr\/sympto\/etudes-cliniques\">https:\/\/sympto.org\/3\/fr\/sympto\/etudes-cliniques<\/a><\/p>\n\n\n\n<p class=\"has-text-align-center has-medium-font-size\"><\/p>\n\n\n\n<h2 class=\"wp-block-heading has-text-align-center has-luminous-vivid-orange-color has-text-color has-link-color has-large-font-size wp-elements-777b8b0d3ea2e8099bec3954a0d954ec\">Mon exp\u00e9rience de la symptothermie<\/h2>\n\n\n\n<p class=\"has-luminous-vivid-orange-color has-text-color has-link-color wp-elements-4a8b107ba93e06aa5fa23c496fc10a3e\"><\/p>\n\n\n\n<p class=\"has-text-align-center has-medium-font-size\">La symptothermie est l\u2019outil qui m\u2019a permis de reprendre confiance et amour en mon corps. J\u2019ai v\u00e9cu comme de nombreuses personnes beaucoup de violences symboliques et physiques dans ma prise en charge m\u00e9dicale : d\u00e9nigrement, \u00ab&nbsp;c\u2019est dans votre t\u00eate&nbsp;\u00bb, actes pratiqu\u00e9s sans mon consentement, insistance pour pratiquer un acte, non \u00e9coute, sexisme \u2026 La symptothermie a contribu\u00e9 \u00e0 soigner ces traumatismes. Cette m\u00e9thode m&rsquo;a aid\u00e9 \u00e0 reprendre les r\u00eanes de ma sant\u00e9 et de mon corps, \u00e0 faire des choix \u00e9clair\u00e9s en mati\u00e8re de sant\u00e9, mais pas que &#8230;<\/p>\n\n\n\n<p class=\"has-text-align-center has-medium-font-size\"><br>G\u00e9rer ma fertilit\u00e9 gr\u00e2ce \u00e0 cette m\u00e9thode m&rsquo;a permis de me sentir pleinement en s\u00e9curit\u00e9 avec soi-m\u00eame, sans avoir peur d\u2019une grossesse non d\u00e9sir\u00e9e, sans \u00eatre oblig\u00e9e de prendre la pilule du lendemain.<\/p>\n\n\n\n<p class=\"has-text-align-center has-medium-font-size\">Connaitre sa fertilit\u00e9 est \u00e0 mon sens un acte non seulement de sant\u00e9 mais c\u2019est \u00e9galement un acte politique. G\u00e9rer sa fertilit\u00e9 seule, sans tiers est une immense fiert\u00e9 que je vis comme une continuit\u00e9 de ce que nos lign\u00e9es de femmes ont souhait\u00e9 avant nous&nbsp;: la libert\u00e9 du corps et de l\u2019esprit.<\/p>\n\n\n<div class=\"wp-block-image\">\n<figure class=\"aligncenter size-large is-resized\"><img loading=\"lazy\" decoding=\"async\" width=\"768\" height=\"1024\" src=\"https:\/\/manon-mulliez.fr\/wp-content\/uploads\/2025\/03\/PB049080-scaled-13-768x1024.jpg\" alt=\"Photo de maison avec du li\u00e8re rouge dans la brume c\u00e9v\u00e9nole\" class=\"wp-image-496\" style=\"width:506px;height:auto\" srcset=\"https:\/\/manon-mulliez.fr\/wp-content\/uploads\/2025\/03\/PB049080-scaled-13-768x1024.jpg 768w, https:\/\/manon-mulliez.fr\/wp-content\/uploads\/2025\/03\/PB049080-scaled-13-225x300.jpg 225w, https:\/\/manon-mulliez.fr\/wp-content\/uploads\/2025\/03\/PB049080-scaled-13.jpg 960w\" sizes=\"auto, (max-width: 768px) 100vw, 768px\" \/><\/figure>\n<\/div>","protected":false},"excerpt":{"rendered":"<p>Le syst\u00e8me patriarcal dans lequel une grande partie de l&rsquo;humanit\u00e9 \u00e9volue s&rsquo;incarne dans nos chairs et nos m\u00e9moires inconscientes et continue de fa\u00e7onner la pens\u00e9e dominante, les formations m\u00e9dicales, les id\u00e9es re\u00e7ues populaires sur la sant\u00e9 f\u00e9minine \u2026 Aujourd\u2019hui, \u00e0 &hellip; <\/p>\n","protected":false},"author":2,"featured_media":0,"parent":0,"menu_order":30,"comment_status":"closed","ping_status":"closed","template":"","meta":{"footnotes":""},"class_list":["post-90","page","type-page","status-publish","hentry"],"_links":{"self":[{"href":"https:\/\/manon-mulliez.fr\/index.php\/wp-json\/wp\/v2\/pages\/90","targetHints":{"allow":["GET"]}}],"collection":[{"href":"https:\/\/manon-mulliez.fr\/index.php\/wp-json\/wp\/v2\/pages"}],"about":[{"href":"https:\/\/manon-mulliez.fr\/index.php\/wp-json\/wp\/v2\/types\/page"}],"author":[{"embeddable":true,"href":"https:\/\/manon-mulliez.fr\/index.php\/wp-json\/wp\/v2\/users\/2"}],"replies":[{"embeddable":true,"href":"https:\/\/manon-mulliez.fr\/index.php\/wp-json\/wp\/v2\/comments?post=90"}],"version-history":[{"count":20,"href":"https:\/\/manon-mulliez.fr\/index.php\/wp-json\/wp\/v2\/pages\/90\/revisions"}],"predecessor-version":[{"id":497,"href":"https:\/\/manon-mulliez.fr\/index.php\/wp-json\/wp\/v2\/pages\/90\/revisions\/497"}],"wp:attachment":[{"href":"https:\/\/manon-mulliez.fr\/index.php\/wp-json\/wp\/v2\/media?parent=90"}],"curies":[{"name":"wp","href":"https:\/\/api.w.org\/{rel}","templated":true}]}}